{"id":23,"date":"2022-11-27T20:36:00","date_gmt":"2022-11-28T02:36:00","guid":{"rendered":"https:\/\/www.aluarte.com.mx\/home\/?page_id=23"},"modified":"2025-11-13T12:12:11","modified_gmt":"2025-11-13T18:12:11","slug":"inicio","status":"publish","type":"page","link":"https:\/\/www.aluarte.com.mx\/home\/","title":{"rendered":"Inicio"},"content":{"rendered":"<p>[et_pb_section fb_built=&#8221;1&#8243; fullwidth=&#8221;on&#8221; _builder_version=&#8221;4.27.4&#8243; _module_preset=&#8221;default&#8221; background_image=&#8221;https:\/\/www.aluarte.com.mx\/home\/wp-content\/uploads\/2025\/09\/foto-optimizada-029.jpg&#8221; global_colors_info=&#8221;{}&#8221;][et_pb_fullwidth_header title=&#8221; Dise\u00f1o que inspira, seguridad que perdura.&#8221; text_orientation=&#8221;center&#8221; header_fullscreen=&#8221;on&#8221; background_overlay_color=&#8221;gcid-256f33a8-0338-488a-923e-acef179d3b78&#8243; _builder_version=&#8221;4.27.4&#8243; _module_preset=&#8221;default&#8221; title_text_color=&#8221;#FFFFFF&#8221; title_font_size=&#8221;60px&#8221; background_color=&#8221;RGBA(255,255,255,0)&#8221; custom_margin=&#8221;||96px|||&#8221; global_colors_info=&#8221;{%22gcid-256f33a8-0338-488a-923e-acef179d3b78%22:%91%22background_overlay_color%22%93}&#8221;][\/et_pb_fullwidth_header][\/et_pb_section][et_pb_section fb_built=&#8221;1&#8243; _builder_version=&#8221;4.27.4&#8243; _module_preset=&#8221;default&#8221; background_color=&#8221;RGBA(255,255,255,0)&#8221; global_colors_info=&#8221;{}&#8221;][et_pb_row column_structure=&#8221;1_3,1_3,1_3&#8243; _builder_version=&#8221;4.27.4&#8243; _module_preset=&#8221;default&#8221; global_colors_info=&#8221;{}&#8221;][et_pb_column type=&#8221;1_3&#8243; _builder_version=&#8221;4.27.4&#8243; _module_preset=&#8221;default&#8221; global_colors_info=&#8221;{}&#8221;][et_pb_text _builder_version=&#8221;4.27.4&#8243; _module_preset=&#8221;default&#8221; text_font=&#8221;&#8211;et_global_heading_font|900|||||||&#8221; text_text_color=&#8221;#FFFFFF&#8221; text_font_size=&#8221;55px&#8221; text_line_height=&#8221;1em&#8221; header_font=&#8221;|800|||||||&#8221; header_text_color=&#8221;#FFFFFF&#8221; header_font_size=&#8221;53px&#8221; background_image=&#8221;https:\/\/www.aluarte.com.mx\/home\/wp-content\/uploads\/2025\/10\/20v2.png&#8221; background_size=&#8221;contain&#8221; module_alignment=&#8221;left&#8221; custom_margin=&#8221;-24px||-2px||false|false&#8221; custom_padding=&#8221;86px|0px|86px||true|false&#8221; global_colors_info=&#8221;{}&#8221;][\/et_pb_text][et_pb_text _builder_version=&#8221;4.27.4&#8243; _module_preset=&#8221;default&#8221; text_font=&#8221;|600||on|||||&#8221; text_text_color=&#8221;#0C71C3&#8243; text_font_size=&#8221;18px&#8221; custom_margin=&#8221;-17px||2px|||&#8221; global_colors_info=&#8221;{}&#8221;]<\/p>\n<p style=\"text-align: center;\">a\u00f1os de experiencia<\/p>\n<p>[\/et_pb_text][\/et_pb_column][et_pb_column type=&#8221;1_3&#8243; _builder_version=&#8221;4.27.4&#8243; _module_preset=&#8221;default&#8221; global_colors_info=&#8221;{}&#8221;][et_pb_heading title=&#8221;Soluciones creativas por profesionales&#8221; _builder_version=&#8221;4.27.4&#8243; _module_preset=&#8221;default&#8221; title_font=&#8221;|700|||||||&#8221; title_text_color=&#8221;#FFFFFF&#8221; title_font_size=&#8221;51px&#8221; title_letter_spacing=&#8221;1px&#8221; global_colors_info=&#8221;{}&#8221;][\/et_pb_heading][\/et_pb_column][et_pb_column type=&#8221;1_3&#8243; _builder_version=&#8221;4.27.4&#8243; _module_preset=&#8221;default&#8221; global_colors_info=&#8221;{}&#8221;][et_pb_text _builder_version=&#8221;4.27.4&#8243; _module_preset=&#8221;default&#8221; text_text_color=&#8221;#FFFFFF&#8221; text_font_size=&#8221;16px&#8221; custom_margin=&#8221;||10px|||&#8221; global_colors_info=&#8221;{}&#8221;]<\/p>\n<p>L\u00edder en la manufactura de cristales y aluminios con mas de 15 a\u00f1os en el ramo lo que nos ha permitido a\u00f1o con a\u00f1o perfeccionar nuestros servicios, en el sureste mexicano.<\/p>\n<p>[\/et_pb_text][dsm_button button_one_text=&#8221;Cont\u00e1ctanos&#8221; _builder_version=&#8221;4.27.4&#8243; _module_preset=&#8221;default&#8221; custom_button_one=&#8221;on&#8221; button_one_bg_color=&#8221;rgba(10,54,168,0.45)&#8221; button_one_border_width=&#8221;0px&#8221; button_one_border_radius=&#8221;44px&#8221; button_one_icon=&#8221;&#x24;||divi||400&#8243; background_layout=&#8221;dark&#8221; hover_enabled=&#8221;0&#8243; global_colors_info=&#8221;{}&#8221; button_one_url_type=&#8221;whatsapp&#8221; sticky_enabled=&#8221;0&#8243; button_one_whatsapp_number=&#8221;9381098747&#8243; button_one_whatsapp_msg=&#8221;Hola, acabo de visitar tu p\u00e1gina web, me interesa hablarte sobre mi proyecto.&#8221;][\/dsm_button][\/et_pb_column][\/et_pb_row][\/et_pb_section][et_pb_section fb_built=&#8221;1&#8243; _builder_version=&#8221;4.27.4&#8243; _module_preset=&#8221;default&#8221; background_color=&#8221;RGBA(255,255,255,0)&#8221; custom_margin=&#8221;||54px|||&#8221; custom_padding=&#8221;63px|||||&#8221; top_divider_color=&#8221;gcid-heading-color&#8221; top_divider_repeat=&#8221;1x&#8221; top_divider_flip=&#8221;horizontal&#8221; top_divider_arrangement=&#8221;above_content&#8221; global_colors_info=&#8221;{%22gcid-heading-color%22:%91%22top_divider_color%22%93}&#8221;][et_pb_row column_structure=&#8221;1_4,1_4,1_4,1_4&#8243; use_custom_gutter=&#8221;on&#8221; gutter_width=&#8221;2&#8243; _builder_version=&#8221;4.27.4&#8243; _module_preset=&#8221;default&#8221; width=&#8221;100%&#8221; max_width=&#8221;1446px&#8221; custom_padding=&#8221;26px|||0px|false|false&#8221; global_colors_info=&#8221;{}&#8221;][et_pb_column type=&#8221;1_4&#8243; _builder_version=&#8221;4.27.4&#8243; _module_preset=&#8221;default&#8221; global_colors_info=&#8221;{}&#8221;][dsm_card image=&#8221;https:\/\/www.aluarte.com.mx\/home\/wp-content\/uploads\/2025\/09\/foto-optimizada-018.jpg&#8221; image_background_height=&#8221;500px&#8221; use_overlay=&#8221;on&#8221; overlay_color=&#8221;RGBA(0,0,0,0.4)&#8221; overlay_icon_color=&#8221;#0C71C3&#8243; overlay_on_hover=&#8221;off&#8221; badge_text=&#8221;Canceler\u00eda&#8221; badge_position=&#8221;top_left&#8221; badge_background_color=&#8221;RGBA(255,255,255,0)&#8221; badge_padding=&#8221;7px|4px|7px|4px|false|true&#8221; badge_url=&#8221;#&#8221; alt=&#8221;foto canceler\u00eda 6&#8243; button_url_new_window=&#8221;1&#8243; _builder_version=&#8221;4.27.4&#8243; _module_preset=&#8221;default&#8221; badge_font=&#8221;&#8211;et_global_body_font|700|||||||&#8221; badge_text_align=&#8221;left&#8221; badge_text_color=&#8221;#FFFFFF&#8221; badge_font_size=&#8221;22px&#8221; badge_line_height=&#8221;1.1em&#8221; link_option_url=&#8221;#&#8221; badge_text_shadow_style=&#8221;preset1&#8243; border_radii_badge=&#8221;on|0px|0px|0px|0px&#8221; global_colors_info=&#8221;{}&#8221;][\/dsm_card][\/et_pb_column][et_pb_column type=&#8221;1_4&#8243; _builder_version=&#8221;4.27.4&#8243; _module_preset=&#8221;default&#8221; global_colors_info=&#8221;{}&#8221;][dsm_card image=&#8221;https:\/\/www.aluarte.com.mx\/home\/wp-content\/uploads\/2025\/09\/foto-optimizada-034.jpg&#8221; image_background_height=&#8221;500px&#8221; use_overlay=&#8221;on&#8221; overlay_color=&#8221;RGBA(0,0,0,0.4)&#8221; overlay_icon_color=&#8221;#0C71C3&#8243; overlay_on_hover=&#8221;off&#8221; badge_text=&#8221;Fachadas Integrales&#8221; badge_position=&#8221;top_left&#8221; badge_background_color=&#8221;RGBA(255,255,255,0)&#8221; badge_padding=&#8221;7px|4px|7px|4px|false|true&#8221; badge_url=&#8221;#&#8221; alt=&#8221;foto fachada integral 4&#8243; button_url_new_window=&#8221;1&#8243; _builder_version=&#8221;4.27.4&#8243; _module_preset=&#8221;default&#8221; badge_font=&#8221;&#8211;et_global_body_font|700|||||||&#8221; badge_text_align=&#8221;left&#8221; badge_text_color=&#8221;#FFFFFF&#8221; badge_font_size=&#8221;22px&#8221; badge_line_height=&#8221;1.1em&#8221; filter_brightness=&#8221;97%&#8221; link_option_url=&#8221;#&#8221; badge_text_shadow_style=&#8221;preset1&#8243; border_radii_badge=&#8221;on|0px|0px|0px|0px&#8221; global_colors_info=&#8221;{}&#8221;][\/dsm_card][\/et_pb_column][et_pb_column type=&#8221;1_4&#8243; _builder_version=&#8221;4.27.4&#8243; _module_preset=&#8221;default&#8221; global_colors_info=&#8221;{}&#8221;][dsm_card image=&#8221;https:\/\/www.aluarte.com.mx\/home\/wp-content\/uploads\/2025\/09\/foto-optimizada-09.jpg&#8221; image_background_height=&#8221;500px&#8221; use_overlay=&#8221;on&#8221; overlay_color=&#8221;RGBA(0,0,0,0.4)&#8221; overlay_icon_color=&#8221;#0C71C3&#8243; overlay_on_hover=&#8221;off&#8221; badge_text=&#8221;Canceles de ba\u00f1o&#8221; badge_position=&#8221;top_left&#8221; badge_background_color=&#8221;RGBA(255,255,255,0)&#8221; badge_padding=&#8221;7px|79px|7px|12px|false|false&#8221; badge_url=&#8221;#&#8221; alt=&#8221;foto cancel de ba\u00f1o 2&#8243; button_url_new_window=&#8221;1&#8243; _builder_version=&#8221;4.27.4&#8243; _module_preset=&#8221;default&#8221; badge_font=&#8221;&#8211;et_global_body_font|700|||||||&#8221; badge_text_align=&#8221;left&#8221; badge_text_color=&#8221;#FFFFFF&#8221; badge_font_size=&#8221;22px&#8221; badge_line_height=&#8221;1.1em&#8221; link_option_url=&#8221;#&#8221; badge_text_shadow_style=&#8221;preset1&#8243; border_radii_badge=&#8221;on|0px|0px|0px|0px&#8221; global_colors_info=&#8221;{}&#8221;][\/dsm_card][\/et_pb_column][et_pb_column type=&#8221;1_4&#8243; _builder_version=&#8221;4.27.4&#8243; _module_preset=&#8221;default&#8221; global_colors_info=&#8221;{}&#8221;][dsm_card image=&#8221;https:\/\/www.aluarte.com.mx\/home\/wp-content\/uploads\/2025\/09\/foto-optimizada-03.jpg&#8221; image_background_height=&#8221;500px&#8221; use_overlay=&#8221;on&#8221; overlay_color=&#8221;RGBA(0,0,0,0.4)&#8221; overlay_icon_color=&#8221;#0C71C3&#8243; overlay_on_hover=&#8221;off&#8221; badge_text=&#8221;Ventanas con dise\u00f1o&#8221; badge_position=&#8221;top_left&#8221; badge_background_color=&#8221;RGBA(255,255,255,0)&#8221; badge_padding=&#8221;7px|4px|7px|4px|false|true&#8221; badge_url=&#8221;#&#8221; alt=&#8221;foto ventana 8&#8243; button_url_new_window=&#8221;1&#8243; _builder_version=&#8221;4.27.4&#8243; _module_preset=&#8221;default&#8221; badge_font=&#8221;&#8211;et_global_body_font|700|||||||&#8221; badge_text_align=&#8221;left&#8221; badge_text_color=&#8221;#FFFFFF&#8221; badge_font_size=&#8221;22px&#8221; badge_line_height=&#8221;1.1em&#8221; link_option_url=&#8221;#&#8221; badge_text_shadow_style=&#8221;preset1&#8243; border_radii_badge=&#8221;on|0px|0px|0px|0px&#8221; global_colors_info=&#8221;{}&#8221;][\/dsm_card][\/et_pb_column][\/et_pb_row][\/et_pb_section][et_pb_section fb_built=&#8221;1&#8243; _builder_version=&#8221;4.27.4&#8243; _module_preset=&#8221;default&#8221; background_color=&#8221;RGBA(255,255,255,0)&#8221; custom_padding=&#8221;56px||102px|||&#8221; top_divider_color=&#8221;gcid-secondary-color&#8221; top_divider_flip=&#8221;vertical&#8221; top_divider_arrangement=&#8221;above_content&#8221; bottom_divider_color=&#8221;gcid-heading-color&#8221; bottom_divider_flip=&#8221;vertical&#8221; global_colors_info=&#8221;{%22gcid-secondary-color%22:%91%22top_divider_color%22%93}&#8221;][et_pb_row _builder_version=&#8221;4.27.4&#8243; _module_preset=&#8221;default&#8221; global_colors_info=&#8221;{}&#8221;][et_pb_column type=&#8221;4_4&#8243; _builder_version=&#8221;4.27.4&#8243; _module_preset=&#8221;default&#8221; global_colors_info=&#8221;{}&#8221;][et_pb_heading title=&#8221;Trabajamos con altos est\u00e1ndares para la satisfacci\u00f3n del cliente&#8221; _builder_version=&#8221;4.27.4&#8243; _module_preset=&#8221;default&#8221; title_text_color=&#8221;#FFFFFF&#8221; max_width=&#8221;72%&#8221; custom_margin=&#8221;||23px|||&#8221; global_colors_info=&#8221;{}&#8221;][\/et_pb_heading][\/et_pb_column][\/et_pb_row][et_pb_row column_structure=&#8221;1_4,1_4,1_4,1_4&#8243; _builder_version=&#8221;4.27.4&#8243; _module_preset=&#8221;default&#8221; width=&#8221;100%&#8221; max_width=&#8221;1260px&#8221; global_colors_info=&#8221;{}&#8221;][et_pb_column type=&#8221;1_4&#8243; _builder_version=&#8221;4.27.4&#8243; _module_preset=&#8221;default&#8221; global_colors_info=&#8221;{}&#8221;][dsm_card title=&#8221;Canceler\u00eda&#8221; use_content_icon=&#8221;on&#8221; font_icon=&#8221;&#xf005;||fa||900&#8243; icon_color=&#8221;rgba(255,255,255,0.74)&#8221; circle_color=&#8221;rgba(69,73,104,0.53)&#8221; use_icon_font_size=&#8221;on&#8221; icon_content_font_size=&#8221;55px&#8221; button_url_new_window=&#8221;1&#8243; _builder_version=&#8221;4.27.4&#8243; _module_preset=&#8221;default&#8221; header_font_size=&#8221;19px&#8221; body_font_size=&#8221;16px&#8221; image_icon_custom_padding=&#8221;15px|15px|15px|15px|true|true&#8221; text_orientation=&#8221;center&#8221; background_layout=&#8221;dark&#8221; border_radii_icon=&#8221;on|2643px|2643px|2643px|2643px&#8221; global_colors_info=&#8221;{}&#8221; image_icon_custom_margin__hover_enabled=&#8221;on|desktop&#8221;]<\/p>\n<p>Tu visi\u00f3n y satisfacci\u00f3n son nuestra m\u00e1xima prioridad. Escuchamos atentamente tus necesidades para asegurar que cada soluci\u00f3n que te ofrecemos est\u00e9 perfectamente alineada con tus expectativas..<\/p>\n<p>[\/dsm_card][\/et_pb_column][et_pb_column type=&#8221;1_4&#8243; _builder_version=&#8221;4.27.4&#8243; _module_preset=&#8221;default&#8221; global_colors_info=&#8221;{}&#8221;][dsm_card title=&#8221;Fachadas Integrales&#8221; use_content_icon=&#8221;on&#8221; font_icon=&#8221;&#xf0eb;||fa||900&#8243; icon_color=&#8221;rgba(255,255,255,0.74)&#8221; circle_color=&#8221;rgba(69,73,104,0.53)&#8221; use_icon_font_size=&#8221;on&#8221; icon_content_font_size=&#8221;55px&#8221; button_url_new_window=&#8221;1&#8243; _builder_version=&#8221;4.27.4&#8243; _module_preset=&#8221;default&#8221; header_font_size=&#8221;19px&#8221; body_font_size=&#8221;16px&#8221; image_icon_custom_padding=&#8221;15px|26px|15px|26px|true|true&#8221; text_orientation=&#8221;center&#8221; background_layout=&#8221;dark&#8221; border_radii_icon=&#8221;on|2643px|2643px|2643px|2643px&#8221; global_colors_info=&#8221;{}&#8221; image_icon_custom_margin__hover_enabled=&#8221;off|desktop&#8221;]<\/p>\n<p>Buscamos constantemente las \u00faltimas tendencias y tecnolog\u00edas para ofrecerte soluciones de vanguardia que te brinden mayor seguridad, eficiencia energ\u00e9tica y un dise\u00f1o est\u00e9tico insuperable.<\/p>\n<p>[\/dsm_card][\/et_pb_column][et_pb_column type=&#8221;1_4&#8243; _builder_version=&#8221;4.27.4&#8243; _module_preset=&#8221;default&#8221; global_colors_info=&#8221;{}&#8221;][dsm_card title=&#8221;Canceles de ba\u00f1o&#8221; use_content_icon=&#8221;on&#8221; font_icon=&#8221;&#xf044;||fa||900&#8243; icon_color=&#8221;rgba(255,255,255,0.74)&#8221; circle_color=&#8221;rgba(69,73,104,0.53)&#8221; use_icon_font_size=&#8221;on&#8221; icon_content_font_size=&#8221;55px&#8221; button_url_new_window=&#8221;1&#8243; _builder_version=&#8221;4.27.4&#8243; _module_preset=&#8221;default&#8221; header_font_size=&#8221;19px&#8221; body_font_size=&#8221;16px&#8221; image_icon_custom_padding=&#8221;15px|15px|15px|15px|true|true&#8221; text_orientation=&#8221;center&#8221; background_layout=&#8221;dark&#8221; border_radii_icon=&#8221;on|2643px|2643px|2643px|2643px&#8221; global_colors_info=&#8221;{}&#8221; image_icon_custom_margin__hover_enabled=&#8221;on|desktop&#8221;]<\/p>\n<p>M\u00e1s que solo venderte un producto, queremos ser tus socios creativos. Te ayudamos a descubrir el potencial de tu espacio, inspir\u00e1ndote con nuevas posibilidades.<\/p>\n<p>[\/dsm_card][\/et_pb_column][et_pb_column type=&#8221;1_4&#8243; _builder_version=&#8221;4.27.4&#8243; _module_preset=&#8221;default&#8221; global_colors_info=&#8221;{}&#8221;][dsm_card title=&#8221;Ventanas con dise\u00f1o&#8221; use_content_icon=&#8221;on&#8221; font_icon=&#8221;&#xf46d;||fa||900&#8243; icon_color=&#8221;rgba(255,255,255,0.74)&#8221; circle_color=&#8221;rgba(69,73,104,0.53)&#8221; use_icon_font_size=&#8221;on&#8221; icon_content_font_size=&#8221;55px&#8221; button_url_new_window=&#8221;1&#8243; _builder_version=&#8221;4.27.4&#8243; _module_preset=&#8221;default&#8221; header_font_size=&#8221;19px&#8221; body_font_size=&#8221;16px&#8221; image_icon_custom_padding=&#8221;15px|26px|15px|26px|true|true&#8221; text_orientation=&#8221;center&#8221; background_layout=&#8221;dark&#8221; border_radii_icon=&#8221;on|2643px|2643px|2643px|2643px&#8221; global_colors_info=&#8221;{}&#8221; image_icon_custom_margin__hover_enabled=&#8221;on|desktop&#8221;]<\/p>\n<p>Cada proyecto es \u00fanico. Te acompa\u00f1amos como un experto de confianza, brind\u00e1ndote recomendaciones claras y honestas para que tomes la mejor decisi\u00f3n para tu espacio<\/p>\n<p>[\/dsm_card][\/et_pb_column][\/et_pb_row][\/et_pb_section][et_pb_section fb_built=&#8221;1&#8243; _builder_version=&#8221;4.27.4&#8243; _module_preset=&#8221;default&#8221; background_color=&#8221;#FFFFFF&#8221; custom_padding=&#8221;146px||61px|||&#8221; top_divider_style=&#8221;arrow3&#8243; top_divider_color=&#8221;#23262d&#8221; bottom_divider_style=&#8221;arrow3&#8243; bottom_divider_color=&#8221;#23262d&#8221; global_colors_info=&#8221;{}&#8221;][et_pb_row _builder_version=&#8221;4.27.4&#8243; _module_preset=&#8221;default&#8221; global_colors_info=&#8221;{}&#8221;][et_pb_column type=&#8221;4_4&#8243; _builder_version=&#8221;4.27.4&#8243; _module_preset=&#8221;default&#8221; global_colors_info=&#8221;{}&#8221;][et_pb_heading title=&#8221;Experiencia&#8221; _builder_version=&#8221;4.27.4&#8243; _module_preset=&#8221;default&#8221; title_font_size=&#8221;40px&#8221; global_colors_info=&#8221;{}&#8221;][\/et_pb_heading][dsm_image_carousel gallery_ids=&#8221;189,190,191,192,193,194,195,196,184,179,128,130,129,110,111,113,132,133,115,134,117,118,136,138,119,121,142,177,122&#8243; slide_to_show=&#8221;5&#8243; slide_to_scroll=&#8221;5&#8243; _builder_version=&#8221;4.27.4&#8243; _module_preset=&#8221;default&#8221; global_colors_info=&#8221;{}&#8221;][\/dsm_image_carousel][\/et_pb_column][\/et_pb_row][\/et_pb_section][et_pb_section fb_built=&#8221;1&#8243; _builder_version=&#8221;4.27.4&#8243; _module_preset=&#8221;default&#8221; background_color=&#8221;RGBA(255,255,255,0)&#8221; custom_padding=&#8221;99px||84px|||&#8221; bottom_divider_color=&#8221;gcid-heading-color&#8221; bottom_divider_flip=&#8221;vertical&#8221; global_colors_info=&#8221;{%22gcid-heading-color%22:%91%22bottom_divider_color%22%93}&#8221;][et_pb_row _builder_version=&#8221;4.27.4&#8243; _module_preset=&#8221;default&#8221; border_radii=&#8221;on|18px|18px|18px|18px&#8221; global_colors_info=&#8221;{}&#8221;][et_pb_column type=&#8221;4_4&#8243; _builder_version=&#8221;4.27.4&#8243; _module_preset=&#8221;default&#8221; global_colors_info=&#8221;{}&#8221;][dsm_button _builder_version=&#8221;4.27.4&#8243; _module_preset=&#8221;default&#8221; global_colors_info=&#8221;{}&#8221;][\/dsm_button][et_pb_heading title=&#8221;\u00bfListo para darle vida a tu espacio? Hablemos de tu proyecto&#8221; _builder_version=&#8221;4.27.4&#8243; _module_preset=&#8221;default&#8221; title_font=&#8221;&#8211;et_global_heading_font||||||||&#8221; title_text_align=&#8221;center&#8221; title_text_color=&#8221;#FFFFFF&#8221; title_font_size=&#8221;41px&#8221; custom_margin=&#8221;-33px||0px|||&#8221; custom_padding=&#8221;||18px|||&#8221; text_shadow_style=&#8221;preset3&#8243; global_colors_info=&#8221;{}&#8221;][\/et_pb_heading][dsm_button button_one_text=&#8221;Clic aqu\u00ed&#8221; button_one_url_type=&#8221;whatsapp&#8221; button_one_whatsapp_number=&#8221;9381098747&#8243; button_one_whatsapp_msg=&#8221;Hola, acabo de visitar tu p\u00e1gina web, me interesa hablarte sobre mi proyecto.&#8221; button_one_url_new_window=&#8221;on&#8221; button_one_lightbox_close_color=&#8221;#FFFFFF&#8221; button_alignment=&#8221;center&#8221; _builder_version=&#8221;4.27.4&#8243; _module_preset=&#8221;default&#8221; custom_button_one=&#8221;on&#8221; button_one_border_width=&#8221;2px&#8221; button_one_border_radius=&#8221;33px&#8221; button_one_font=&#8221;&#8211;et_global_body_font||||||||&#8221; button_one_icon=&#8221;&#xf232;||fa||400&#8243; background_layout=&#8221;dark&#8221; hover_enabled=&#8221;0&#8243; global_colors_info=&#8221;{}&#8221; sticky_enabled=&#8221;0&#8243;][\/dsm_button][\/et_pb_column][\/et_pb_row][\/et_pb_section]<\/p>\n","protected":false},"excerpt":{"rendered":"<p>a\u00f1os de experienciaL\u00edder en la manufactura de cristales y aluminios con mas de 15 a\u00f1os en el ramo lo que nos ha permitido a\u00f1o con a\u00f1o perfeccionar nuestros servicios, en el sureste mexicano.<div class=\"et_pb_module dsm_button dsm_button_0 et_pb_bg_layout_dark\">\n\t\t\t\t\n\t\t\t\t\n\t\t\t\t\n\t\t\t\t\n\t\t\t\t\n\t\t\t\t\n\t\t\t\t<div class=\"et_pb_module_inner\">\n\t\t\t\t\t<div class=\"et_pb_button_module_wrappers dsm_button_0_wrapper  et_pb_module\">\n\t\t\t\t<a class=\"et_pb_button et_pb_button_one et_pb_custom_button_icon et_pb_bg_layout_dark dsm-none \"  href=https:\/\/wa.me\/9381098747?text=Hola%2C%20acabo%20de%20visitar%20tu%20p%C3%A1gina%20web%2C%20me%20interesa%20hablarte%20sobre%20mi%20proyecto. data-icon=\"&#x24;\" data-dsm-lightbox-id=\"dsm_button_one_lightbox dsm_button_0\"><span>Cont\u00e1ctanos<\/span><\/a>\n\t\t\t<\/div>\n\t\t\t\t<\/div>\n\t\t\t<\/div><div class=\"et_pb_module dsm_card dsm_card_0 et_clickable et_pb_bg_layout_light  dsm_card_layout_stacked et_pb_has_overlay dsm-card-overlay-off\">\n\t\t\t\t\n\t\t\t\t\n\t\t\t\t\n\t\t\t\t\n\t\t\t\t\n\t\t\t\t\n\t\t\t\t<div class=\"et_pb_module_inner\">\n\t\t\t\t\t\n\t\t\t\n\t\t\t<figure class=\"dsm_card_image_wrapper dsm_card_badge_top_left\"><div class=\"dsm_card_image_background dsm_card_img\"><\/div><span class=\"et_overlay et_pb_inline_icon\" data-icon=\"P\"><\/span><a href=\"#\" class=\"dsm_card_badge_text\">Canceler\u00eda<\/a><\/figure>\n\t\t\t\n\t\t\t\n\t\t\t\t<\/div>\n\t\t\t<\/div><div class=\"et_pb_module dsm_card dsm_card_1 et_clickable et_pb_bg_layout_light  dsm_card_layout_stacked et_pb_has_overlay dsm-card-overlay-off\">\n\t\t\t\t\n\t\t\t\t\n\t\t\t\t\n\t\t\t\t\n\t\t\t\t\n\t\t\t\t\n\t\t\t\t<div class=\"et_pb_module_inner\">\n\t\t\t\t\t\n\t\t\t\n\t\t\t<figure class=\"dsm_card_image_wrapper dsm_card_badge_top_left\"><div class=\"dsm_card_image_background dsm_card_img\"><\/div><span class=\"et_overlay et_pb_inline_icon\" data-icon=\"P\"><\/span><a href=\"#\" class=\"dsm_card_badge_text\">Fachadas Integrales<\/a><\/figure>\n\t\t\t\n\t\t\t\n\t\t\t\t<\/div>\n\t\t\t<\/div><div class=\"et_pb_module dsm_card dsm_card_2 et_clickable et_pb_bg_layout_light  dsm_card_layout_stacked et_pb_has_overlay dsm-card-overlay-off\">\n\t\t\t\t\n\t\t\t\t\n\t\t\t\t\n\t\t\t\t\n\t\t\t\t\n\t\t\t\t\n\t\t\t\t<div class=\"et_pb_module_inner\">\n\t\t\t\t\t\n\t\t\t\n\t\t\t<figure class=\"dsm_card_image_wrapper dsm_card_badge_top_left\"><div class=\"dsm_card_image_background dsm_card_img\"><\/div><span class=\"et_overlay et_pb_inline_icon\" data-icon=\"P\"><\/span><a href=\"#\" class=\"dsm_card_badge_text\">Canceles de ba\u00f1o<\/a><\/figure>\n\t\t\t\n\t\t\t\n\t\t\t\t<\/div>\n\t\t\t<\/div><div class=\"et_pb_module dsm_card dsm_card_3 et_clickable et_pb_bg_layout_light  dsm_card_layout_stacked et_pb_has_overlay dsm-card-overlay-off\">\n\t\t\t\t\n\t\t\t\t\n\t\t\t\t\n\t\t\t\t\n\t\t\t\t\n\t\t\t\t\n\t\t\t\t<div class=\"et_pb_module_inner\">\n\t\t\t\t\t\n\t\t\t\n\t\t\t<figure class=\"dsm_card_image_wrapper dsm_card_badge_top_left\"><div class=\"dsm_card_image_background dsm_card_img\"><\/div><span class=\"et_overlay et_pb_inline_icon\" data-icon=\"P\"><\/span><a href=\"#\" class=\"dsm_card_badge_text\">Ventanas con dise\u00f1o<\/a><\/figure>\n\t\t\t\n\t\t\t\n\t\t\t\t<\/div>\n\t\t\t<\/div><div class=\"et_pb_module dsm_card dsm_card_4 et_pb_bg_layout_dark  dsm_card_layout_stacked\">\n\t\t\t\t\n\t\t\t\t\n\t\t\t\t\n\t\t\t\t\n\t\t\t\t\n\t\t\t\t\n\t\t\t\t<div class=\"et_pb_module_inner\">\n\t\t\t\t\t\n\t\t\t\n\t\t\t\n\t\t\t<div class=\"et_pb_module dsm_card_wrapper et_pb_text_align_center\">\n\t\t\t\t\t<div class=\"dsm_card_icon\">\n\t\t\t\t\t\t<span class=\"dsm_card_icon_wrap\">\n\t\t\t\t\t\t\t<span class=\"et-pb-icon\">\uf005<\/span>\n\t\t\t\t\t\t<\/span>\n\t\t\t\t\t<\/div>\n\t\t\t\t\t<h4 class=\"dsm_card_title et_pb_module_header\">Canceler\u00eda<\/h4>\n\t\t\t\t\t\n\t\t\t\t\t\n\t\t\t\t\t\n\t\t\t\t<\/div>\n\t\t\t\n\t\t\t\t<\/div>\n\t\t\t<\/div>Tu visi\u00f3n y satisfacci\u00f3n son nuestra m\u00e1xima prioridad. Escuchamos atentamente [&hellip;]<\/p>\n","protected":false},"author":1,"featured_media":0,"parent":0,"menu_order":0,"comment_status":"closed","ping_status":"closed","template":"","meta":{"_et_pb_use_builder":"on","_et_pb_old_content":"","_et_gb_content_width":"","_joinchat":[],"footnotes":""},"class_list":["post-23","page","type-page","status-publish","hentry"],"_links":{"self":[{"href":"https:\/\/www.aluarte.com.mx\/home\/wp-json\/wp\/v2\/pages\/23","targetHints":{"allow":["GET"]}}],"collection":[{"href":"https:\/\/www.aluarte.com.mx\/home\/wp-json\/wp\/v2\/pages"}],"about":[{"href":"https:\/\/www.aluarte.com.mx\/home\/wp-json\/wp\/v2\/types\/page"}],"author":[{"embeddable":true,"href":"https:\/\/www.aluarte.com.mx\/home\/wp-json\/wp\/v2\/users\/1"}],"replies":[{"embeddable":true,"href":"https:\/\/www.aluarte.com.mx\/home\/wp-json\/wp\/v2\/comments?post=23"}],"version-history":[{"count":10,"href":"https:\/\/www.aluarte.com.mx\/home\/wp-json\/wp\/v2\/pages\/23\/revisions"}],"predecessor-version":[{"id":965,"href":"https:\/\/www.aluarte.com.mx\/home\/wp-json\/wp\/v2\/pages\/23\/revisions\/965"}],"wp:attachment":[{"href":"https:\/\/www.aluarte.com.mx\/home\/wp-json\/wp\/v2\/media?parent=23"}],"curies":[{"name":"wp","href":"https:\/\/api.w.org\/{rel}","templated":true}]}}