{"id":390,"date":"2025-09-02T10:01:35","date_gmt":"2025-09-02T16:01:35","guid":{"rendered":"https:\/\/www.aluarte.com.mx\/home\/?page_id=390"},"modified":"2025-12-03T10:49:30","modified_gmt":"2025-12-03T16:49:30","slug":"somos","status":"publish","type":"page","link":"https:\/\/www.aluarte.com.mx\/home\/somos\/","title":{"rendered":"Qui\u00e9nes somos"},"content":{"rendered":"<p>[et_pb_section fb_built=&#8221;1&#8243; _builder_version=&#8221;4.27.4&#8243; _module_preset=&#8221;default&#8221; background_color=&#8221;RGBA(255,255,255,0)&#8221; custom_padding=&#8221;||73px|||&#8221; global_colors_info=&#8221;{}&#8221;][et_pb_row column_structure=&#8221;1_2,1_2&#8243; _builder_version=&#8221;4.27.4&#8243; _module_preset=&#8221;default&#8221; custom_padding=&#8221;77px||5px|||&#8221; global_colors_info=&#8221;{}&#8221;][et_pb_column type=&#8221;1_2&#8243; _builder_version=&#8221;4.27.4&#8243; _module_preset=&#8221;default&#8221; global_colors_info=&#8221;{}&#8221;][et_pb_heading title=&#8221;QUI\u00c9NES SOMOS&#8221; _builder_version=&#8221;4.27.4&#8243; _module_preset=&#8221;default&#8221; title_text_color=&#8221;#FFFFFF&#8221; custom_padding=&#8221;168px|||||&#8221; global_colors_info=&#8221;{}&#8221;][\/et_pb_heading][et_pb_text _builder_version=&#8221;4.27.4&#8243; _module_preset=&#8221;default&#8221; text_text_color=&#8221;#FFFFFF&#8221; text_font_size=&#8221;16px&#8221; global_colors_info=&#8221;{}&#8221;]<\/p>\n<p>Aluarte es Experiencia<\/p>\n<p>Tenemos mas de 20 a\u00f1os de experiencia en el sector constructor y nuestro compromiso de actualizaci\u00f3n constante ante las nuevas t\u00e9cnicas y tecnolog\u00edas del sector constructor nos impulsan a una mejora continua a favor de nuestros proyectos.<\/p>\n<p>[\/et_pb_text][\/et_pb_column][et_pb_column type=&#8221;1_2&#8243; _builder_version=&#8221;4.27.4&#8243; _module_preset=&#8221;default&#8221; global_colors_info=&#8221;{}&#8221;][et_pb_team_member name=&#8221;Ivan Bolivar&#8221; position=&#8221;Fundador&#8221; image_url=&#8221;data:image\/svg+xml;base64,PHN2ZyB3aWR0aD0iNTAwIiBoZWlnaHQ9IjUwMCIgdmlld0JveD0iMCAwIDUwMCA1MDAiIHhtbG5zPSJodHRwOi8vd3d3LnczLm9yZy8yMDAwL3N2ZyI+CiAgICA8ZyBmaWxsPSJub25lIiBmaWxsLXJ1bGU9ImV2ZW5vZGQiPgogICAgICAgIDxwYXRoIGZpbGw9IiNFQkVCRUIiIGQ9Ik0wIDBoNTAwdjUwMEgweiIvPgogICAgICAgIDxyZWN0IGZpbGwtb3BhY2l0eT0iLjEiIGZpbGw9IiMwMDAiIHg9IjY4IiB5PSIzMDUiIHdpZHRoPSIzNjQiIGhlaWdodD0iNTY4IiByeD0iMTgyIi8+CiAgICAgICAgPGNpcmNsZSBmaWxsLW9wYWNpdHk9Ii4xIiBmaWxsPSIjMDAwIiBjeD0iMjQ5IiBjeT0iMTcyIiByPSIxMDAiLz4KICAgIDwvZz4KPC9zdmc+Cg==&#8221; _builder_version=&#8221;4.27.4&#8243; _module_preset=&#8221;default&#8221; header_text_color=&#8221;#0C71C3&#8243; body_text_color=&#8221;#FFFFFF&#8221; body_font_size=&#8221;17px&#8221; position_text_align=&#8221;left&#8221; transform_scale=&#8221;84%|84%&#8221; module_alignment=&#8221;left&#8221; hover_enabled=&#8221;0&#8243; border_radii_image=&#8221;on|414px|414px|414px|414px&#8221; global_colors_info=&#8221;{}&#8221; sticky_enabled=&#8221;0&#8243;][\/et_pb_team_member][\/et_pb_column][\/et_pb_row][\/et_pb_section][et_pb_section fb_built=&#8221;1&#8243; _builder_version=&#8221;4.27.4&#8243; _module_preset=&#8221;default&#8221; background_color=&#8221;RGBA(255,255,255,0)&#8221; custom_padding=&#8221;69px||63px|||&#8221; global_colors_info=&#8221;{}&#8221;][et_pb_row _builder_version=&#8221;4.27.4&#8243; _module_preset=&#8221;default&#8221; global_colors_info=&#8221;{}&#8221;][et_pb_column type=&#8221;4_4&#8243; _builder_version=&#8221;4.27.4&#8243; _module_preset=&#8221;default&#8221; global_colors_info=&#8221;{}&#8221;][et_pb_heading title=&#8221;Nuestros valores&#8221; _builder_version=&#8221;4.27.4&#8243; _module_preset=&#8221;default&#8221; title_text_color=&#8221;#FFFFFF&#8221; global_colors_info=&#8221;{}&#8221;][\/et_pb_heading][\/et_pb_column][\/et_pb_row][et_pb_row column_structure=&#8221;1_4,1_4,1_4,1_4&#8243; _builder_version=&#8221;4.27.4&#8243; _module_preset=&#8221;default&#8221; width=&#8221;100%&#8221; max_width=&#8221;1260px&#8221; custom_padding=&#8221;31px|||||&#8221; locked=&#8221;off&#8221; global_colors_info=&#8221;{}&#8221;][et_pb_column type=&#8221;1_4&#8243; _builder_version=&#8221;4.27.4&#8243; _module_preset=&#8221;default&#8221; global_colors_info=&#8221;{}&#8221;][dsm_card title=&#8221;Innovaci\u00f3n&#8221; use_content_icon=&#8221;on&#8221; font_icon=&#8221;&#xf0eb;||fa||900&#8243; icon_color=&#8221;rgba(255,255,255,0.74)&#8221; circle_color=&#8221;rgba(69,73,104,0.53)&#8221; use_icon_font_size=&#8221;on&#8221; icon_content_font_size=&#8221;55px&#8221; button_url_new_window=&#8221;1&#8243; _builder_version=&#8221;4.27.4&#8243; _module_preset=&#8221;default&#8221; header_font_size=&#8221;19px&#8221; body_font_size=&#8221;16px&#8221; image_icon_custom_padding=&#8221;15px|26px|15px|26px|true|true&#8221; text_orientation=&#8221;center&#8221; background_layout=&#8221;dark&#8221; border_radii_icon=&#8221;on|2643px|2643px|2643px|2643px&#8221; global_colors_info=&#8221;{}&#8221; image_icon_custom_margin__hover_enabled=&#8221;off|desktop&#8221;]<\/p>\n<p>Buscamos constantemente las \u00faltimas tendencias y tecnolog\u00edas para ofrecerte soluciones de vanguardia que te brinden mayor seguridad, eficiencia energ\u00e9tica y un dise\u00f1o est\u00e9tico insuperable.<\/p>\n<p>[\/dsm_card][\/et_pb_column][et_pb_column type=&#8221;1_4&#8243; _builder_version=&#8221;4.27.4&#8243; _module_preset=&#8221;default&#8221; global_colors_info=&#8221;{}&#8221;][dsm_card title=&#8221;Centrados en el cliente&#8221; use_content_icon=&#8221;on&#8221; font_icon=&#8221;&#xf005;||fa||900&#8243; icon_color=&#8221;rgba(255,255,255,0.74)&#8221; circle_color=&#8221;rgba(69,73,104,0.53)&#8221; use_icon_font_size=&#8221;on&#8221; icon_content_font_size=&#8221;55px&#8221; button_url_new_window=&#8221;1&#8243; _builder_version=&#8221;4.27.4&#8243; _module_preset=&#8221;default&#8221; header_font_size=&#8221;19px&#8221; body_font_size=&#8221;16px&#8221; image_icon_custom_padding=&#8221;15px|15px|15px|15px|true|true&#8221; text_orientation=&#8221;center&#8221; background_layout=&#8221;dark&#8221; border_radii_icon=&#8221;on|2643px|2643px|2643px|2643px&#8221; global_colors_info=&#8221;{}&#8221; image_icon_custom_margin__hover_enabled=&#8221;on|desktop&#8221;]<\/p>\n<p>Tu visi\u00f3n y satisfacci\u00f3n son nuestra m\u00e1xima prioridad. Escuchamos atentamente tus necesidades para asegurar que cada soluci\u00f3n que te ofrecemos est\u00e9 perfectamente alineada con tus expectativas..<\/p>\n<p>[\/dsm_card][\/et_pb_column][et_pb_column type=&#8221;1_4&#8243; _builder_version=&#8221;4.27.4&#8243; _module_preset=&#8221;default&#8221; global_colors_info=&#8221;{}&#8221;][dsm_card title=&#8221;Inspiraci\u00f3n&#8221; use_content_icon=&#8221;on&#8221; font_icon=&#8221;&#xf044;||fa||900&#8243; icon_color=&#8221;rgba(255,255,255,0.74)&#8221; circle_color=&#8221;rgba(69,73,104,0.53)&#8221; use_icon_font_size=&#8221;on&#8221; icon_content_font_size=&#8221;55px&#8221; button_url_new_window=&#8221;1&#8243; _builder_version=&#8221;4.27.4&#8243; _module_preset=&#8221;default&#8221; header_font_size=&#8221;19px&#8221; body_font_size=&#8221;16px&#8221; image_icon_custom_padding=&#8221;15px|15px|15px|15px|true|true&#8221; text_orientation=&#8221;center&#8221; background_layout=&#8221;dark&#8221; border_radii_icon=&#8221;on|2643px|2643px|2643px|2643px&#8221; global_colors_info=&#8221;{}&#8221; image_icon_custom_margin__hover_enabled=&#8221;on|desktop&#8221;]<\/p>\n<p>M\u00e1s que solo venderte un producto, queremos ser tus socios creativos. Te ayudamos a descubrir el potencial de tu espacio, inspir\u00e1ndote con nuevas posibilidades.<\/p>\n<p>[\/dsm_card][\/et_pb_column][et_pb_column type=&#8221;1_4&#8243; _builder_version=&#8221;4.27.4&#8243; _module_preset=&#8221;default&#8221; global_colors_info=&#8221;{}&#8221;][dsm_card title=&#8221;Asesor\u00eda personalizada&#8221; use_content_icon=&#8221;on&#8221; font_icon=&#8221;&#xf46d;||fa||900&#8243; icon_color=&#8221;rgba(255,255,255,0.74)&#8221; circle_color=&#8221;rgba(69,73,104,0.53)&#8221; use_icon_font_size=&#8221;on&#8221; icon_content_font_size=&#8221;55px&#8221; button_url_new_window=&#8221;1&#8243; _builder_version=&#8221;4.27.4&#8243; _module_preset=&#8221;default&#8221; header_font_size=&#8221;19px&#8221; body_font_size=&#8221;16px&#8221; image_icon_custom_padding=&#8221;15px|26px|15px|26px|true|true&#8221; text_orientation=&#8221;center&#8221; background_layout=&#8221;dark&#8221; border_radii_icon=&#8221;on|2643px|2643px|2643px|2643px&#8221; global_colors_info=&#8221;{}&#8221; image_icon_custom_margin__hover_enabled=&#8221;on|desktop&#8221;]<\/p>\n<p>Cada proyecto es \u00fanico. Te acompa\u00f1amos como un experto de confianza, brind\u00e1ndote recomendaciones claras y honestas para que tomes la mejor decisi\u00f3n para tu espacio<\/p>\n<p>[\/dsm_card][\/et_pb_column][\/et_pb_row][\/et_pb_section][et_pb_section fb_built=&#8221;1&#8243; _builder_version=&#8221;4.27.4&#8243; _module_preset=&#8221;default&#8221; custom_padding=&#8221;62px|||||&#8221; global_colors_info=&#8221;{}&#8221;][et_pb_row _builder_version=&#8221;4.27.4&#8243; _module_preset=&#8221;default&#8221; global_colors_info=&#8221;{}&#8221;][et_pb_column type=&#8221;4_4&#8243; _builder_version=&#8221;4.27.4&#8243; _module_preset=&#8221;default&#8221; global_colors_info=&#8221;{}&#8221;][et_pb_heading title=&#8221;ACERCA DE ALUARTE&#8221; _builder_version=&#8221;4.27.4&#8243; _module_preset=&#8221;default&#8221; global_colors_info=&#8221;{}&#8221;][\/et_pb_heading][et_pb_text _builder_version=&#8221;4.27.4&#8243; _module_preset=&#8221;default&#8221; text_font_size=&#8221;16px&#8221; global_colors_info=&#8221;{}&#8221;]<\/p>\n<p>Nos caracterizamos por ser una empresa que se desempe\u00f1a en el campo de la construcci\u00f3n en general, tanto de obras civiles como arquitect\u00f3nicas en sus diferentes ramas, logrando cumplir con altos est\u00e1ndares de calidad en cada uno de los procesos que hacen parte de la cadena de valor de la empresa.<\/p>\n<p>[\/et_pb_text][\/et_pb_column][\/et_pb_row][\/et_pb_section][et_pb_section fb_built=&#8221;1&#8243; _builder_version=&#8221;4.27.4&#8243; _module_preset=&#8221;default&#8221; custom_padding=&#8221;74px|||||&#8221; global_colors_info=&#8221;{}&#8221;][et_pb_row _builder_version=&#8221;4.27.4&#8243; _module_preset=&#8221;default&#8221; global_colors_info=&#8221;{}&#8221;][et_pb_column type=&#8221;4_4&#8243; _builder_version=&#8221;4.27.4&#8243; _module_preset=&#8221;default&#8221; global_colors_info=&#8221;{}&#8221;][et_pb_heading title=&#8221;HISTORIA&#8221; _builder_version=&#8221;4.27.4&#8243; _module_preset=&#8221;default&#8221; global_colors_info=&#8221;{}&#8221;][\/et_pb_heading][\/et_pb_column][\/et_pb_row][\/et_pb_section][et_pb_section fb_built=&#8221;1&#8243; _builder_version=&#8221;4.27.4&#8243; _module_preset=&#8221;default&#8221; global_colors_info=&#8221;{}&#8221;][et_pb_row column_structure=&#8221;1_3,1_3,1_3&#8243; _builder_version=&#8221;4.27.4&#8243; _module_preset=&#8221;default&#8221; hover_enabled=&#8221;0&#8243; global_colors_info=&#8221;{}&#8221; sticky_enabled=&#8221;0&#8243;][et_pb_column type=&#8221;1_3&#8243; _builder_version=&#8221;4.27.4&#8243; _module_preset=&#8221;default&#8221; global_colors_info=&#8221;{}&#8221;][et_pb_blurb title=&#8221;Visi\u00f3n&#8221; image=&#8221;https:\/\/www.aluarte.com.mx\/home\/wp-content\/uploads\/2025\/09\/Captura-de-pantalla-2025-09-04-a-las-2.18.37-p.m.png&#8221; alt=&#8221;imagen de vision&#8221; _builder_version=&#8221;4.27.4&#8243; _module_preset=&#8221;default&#8221; header_level=&#8221;h2&#8243; header_font_size=&#8221;30px&#8221; image_icon_custom_padding=&#8221;42px|30px||30px|false|true&#8221; global_colors_info=&#8221;{}&#8221;]<\/p>\n<p>Convertirse en l\u00edder de servicios y proveedor de soluciones para las empresas.<\/p>\n<p>[\/et_pb_blurb][\/et_pb_column][et_pb_column type=&#8221;1_3&#8243; _builder_version=&#8221;4.27.4&#8243; _module_preset=&#8221;default&#8221; hover_enabled=&#8221;0&#8243; global_colors_info=&#8221;{}&#8221; sticky_enabled=&#8221;0&#8243;][\/et_pb_column][et_pb_column type=&#8221;1_3&#8243; _builder_version=&#8221;4.27.4&#8243; _module_preset=&#8221;default&#8221; global_colors_info=&#8221;{}&#8221;][et_pb_blurb title=&#8221;Valores&#8221; image=&#8221;https:\/\/www.aluarte.com.mx\/home\/wp-content\/uploads\/2025\/09\/Captura-de-pantalla-2025-09-04-a-las-2.23.08-p.m.png&#8221; alt=&#8221;imagen de valores&#8221; image_icon_width=&#8221;53%&#8221; _builder_version=&#8221;4.27.4&#8243; _module_preset=&#8221;default&#8221; header_level=&#8221;h2&#8243; header_font_size=&#8221;30px&#8221; global_colors_info=&#8221;{}&#8221; width=&#8221;100%&#8221; custom_padding=&#8221;|||0px||&#8221;]<\/p>\n<p>Trabajo, respeto, integridad, innovaci\u00f3n, disponibilidad al cambio.<\/p>\n<p>[\/et_pb_blurb][\/et_pb_column][\/et_pb_row][et_pb_row _builder_version=&#8221;4.27.4&#8243; _module_preset=&#8221;default&#8221; column_structure=&#8221;1_2,1_2&#8243; custom_margin=&#8221;|||216px|false|false&#8221; hover_enabled=&#8221;0&#8243; sticky_enabled=&#8221;0&#8243; custom_padding=&#8221;79px||79px||true|false&#8221; custom_margin_last_edited=&#8221;on|desktop&#8221; custom_margin_tablet=&#8221;|||85px|false|false&#8221; custom_margin_phone=&#8221;|||49px|false|false&#8221;][et_pb_column _builder_version=&#8221;4.27.4&#8243; _module_preset=&#8221;default&#8221; type=&#8221;1_2&#8243;][et_pb_image src=&#8221;https:\/\/www.aluarte.com.mx\/home\/wp-content\/uploads\/2025\/09\/Captura-de-pantalla-2025-09-04-a-las-2.23.20-p.m.png&#8221; _builder_version=&#8221;4.27.4&#8243; _module_preset=&#8221;default&#8221; alt=&#8221;imagen de mision&#8221; title_text=&#8221;mision&#8221; hover_enabled=&#8221;0&#8243; sticky_enabled=&#8221;0&#8243; width=&#8221;36%&#8221; module_alignment=&#8221;right&#8221;][\/et_pb_image][\/et_pb_column][et_pb_column _builder_version=&#8221;4.27.4&#8243; _module_preset=&#8221;default&#8221; type=&#8221;1_2&#8243;][et_pb_blurb title=&#8221;Misi\u00f3n&#8221; alt=&#8221;imagen de mision&#8221; image_icon_width=&#8221;82%&#8221; image_icon_width_tablet=&#8221;82%&#8221; image_icon_width_phone=&#8221;82%&#8221; image_icon_width_last_edited=&#8221;on|desktop&#8221; _builder_version=&#8221;4.27.4&#8243; _module_preset=&#8221;default&#8221; header_level=&#8221;h2&#8243; header_font_size=&#8221;30px&#8221; image_icon_custom_padding=&#8221;39px|21px||21px|false|true&#8221; hover_enabled=&#8221;0&#8243; global_colors_info=&#8221;{}&#8221; sticky_enabled=&#8221;0&#8243;]<\/p>\n<p>Ser una empresa l\u00edder en la integraci\u00f3n de nuevas tecnolog\u00edas innovadoras aumentando as\u00ed nuestra calidad de servicios y contribuir en la satisfacci\u00f3n de sus requerimientos en administraci\u00f3n, gesti\u00f3n, y desarrollo humano.<\/p>\n<p>[\/et_pb_blurb][\/et_pb_column][\/et_pb_row][\/et_pb_section]<\/p>\n","protected":false},"excerpt":{"rendered":"<p>Aluarte es Experiencia Tenemos mas de 20 a\u00f1os de experiencia en el sector constructor y nuestro compromiso de actualizaci\u00f3n constante ante las nuevas t\u00e9cnicas y tecnolog\u00edas del sector constructor nos impulsan a una mejora continua a favor de nuestros proyectos.<div class=\"et_pb_module dsm_card dsm_card_0 et_pb_bg_layout_dark  dsm_card_layout_stacked\">\n\t\t\t\t\n\t\t\t\t\n\t\t\t\t\n\t\t\t\t\n\t\t\t\t\n\t\t\t\t\n\t\t\t\t<div class=\"et_pb_module_inner\">\n\t\t\t\t\t\n\t\t\t\n\t\t\t\n\t\t\t<div class=\"et_pb_module dsm_card_wrapper et_pb_text_align_center\">\n\t\t\t\t\t<div class=\"dsm_card_icon\">\n\t\t\t\t\t\t<span class=\"dsm_card_icon_wrap\">\n\t\t\t\t\t\t\t<span class=\"et-pb-icon\">\uf0eb<\/span>\n\t\t\t\t\t\t<\/span>\n\t\t\t\t\t<\/div>\n\t\t\t\t\t<h4 class=\"dsm_card_title et_pb_module_header\">Innovaci\u00f3n<\/h4>\n\t\t\t\t\t\n\t\t\t\t\t<div class=\"dsm_card_description\">Buscamos constantemente las \u00faltimas tendencias y tecnolog\u00edas para ofrecerte soluciones de vanguardia que te brinden mayor seguridad, eficiencia energ\u00e9tica y un dise\u00f1o est\u00e9tico insuperable.<\/div>\n\t\t\t\t\t\n\t\t\t\t<\/div>\n\t\t\t\n\t\t\t\t<\/div>\n\t\t\t<\/div><div class=\"et_pb_module dsm_card dsm_card_1 et_pb_bg_layout_dark  dsm_card_layout_stacked\">\n\t\t\t\t\n\t\t\t\t\n\t\t\t\t\n\t\t\t\t\n\t\t\t\t\n\t\t\t\t\n\t\t\t\t<div class=\"et_pb_module_inner\">\n\t\t\t\t\t\n\t\t\t\n\t\t\t\n\t\t\t<div class=\"et_pb_module dsm_card_wrapper et_pb_text_align_center\">\n\t\t\t\t\t<div class=\"dsm_card_icon\">\n\t\t\t\t\t\t<span class=\"dsm_card_icon_wrap\">\n\t\t\t\t\t\t\t<span class=\"et-pb-icon\">\uf005<\/span>\n\t\t\t\t\t\t<\/span>\n\t\t\t\t\t<\/div>\n\t\t\t\t\t<h4 class=\"dsm_card_title et_pb_module_header\">Centrados en el cliente<\/h4>\n\t\t\t\t\t\n\t\t\t\t\t<div class=\"dsm_card_description\">Tu visi\u00f3n y satisfacci\u00f3n son nuestra m\u00e1xima prioridad. Escuchamos atentamente tus necesidades para asegurar que cada soluci\u00f3n que te ofrecemos est\u00e9 perfectamente alineada con tus expectativas..<\/div>\n\t\t\t\t\t\n\t\t\t\t<\/div>\n\t\t\t\n\t\t\t\t<\/div>\n\t\t\t<\/div><div class=\"et_pb_module dsm_card dsm_card_2 et_pb_bg_layout_dark  dsm_card_layout_stacked\">\n\t\t\t\t\n\t\t\t\t\n\t\t\t\t\n\t\t\t\t\n\t\t\t\t\n\t\t\t\t\n\t\t\t\t<div class=\"et_pb_module_inner\">\n\t\t\t\t\t\n\t\t\t\n\t\t\t\n\t\t\t<div class=\"et_pb_module dsm_card_wrapper et_pb_text_align_center\">\n\t\t\t\t\t<div class=\"dsm_card_icon\">\n\t\t\t\t\t\t<span class=\"dsm_card_icon_wrap\">\n\t\t\t\t\t\t\t<span class=\"et-pb-icon\">\uf044<\/span>\n\t\t\t\t\t\t<\/span>\n\t\t\t\t\t<\/div>\n\t\t\t\t\t<h4 class=\"dsm_card_title et_pb_module_header\">Inspiraci\u00f3n<\/h4>\n\t\t\t\t\t\n\t\t\t\t\t<div class=\"dsm_card_description\">M\u00e1s que solo venderte un producto, queremos ser tus socios creativos. Te ayudamos a descubrir el potencial de tu espacio, inspir\u00e1ndote con nuevas posibilidades.<\/div>\n\t\t\t\t\t\n\t\t\t\t<\/div>\n\t\t\t\n\t\t\t\t<\/div>\n\t\t\t<\/div><div class=\"et_pb_module dsm_card dsm_card_3 et_pb_bg_layout_dark  dsm_card_layout_stacked\">\n\t\t\t\t\n\t\t\t\t\n\t\t\t\t\n\t\t\t\t\n\t\t\t\t\n\t\t\t\t\n\t\t\t\t<div class=\"et_pb_module_inner\">\n\t\t\t\t\t\n\t\t\t\n\t\t\t\n\t\t\t<div class=\"et_pb_module dsm_card_wrapper et_pb_text_align_center\">\n\t\t\t\t\t<div class=\"dsm_card_icon\">\n\t\t\t\t\t\t<span class=\"dsm_card_icon_wrap\">\n\t\t\t\t\t\t\t<span class=\"et-pb-icon\">\uf46d<\/span>\n\t\t\t\t\t\t<\/span>\n\t\t\t\t\t<\/div>\n\t\t\t\t\t<h4 class=\"dsm_card_title et_pb_module_header\">Asesor\u00eda personalizada<\/h4>\n\t\t\t\t\t\n\t\t\t\t\t\n\t\t\t\t\t\n\t\t\t\t<\/div>\n\t\t\t\n\t\t\t\t<\/div>\n\t\t\t<\/div>Cada proyecto es \u00fanico. Te acompa\u00f1amos como un experto de confianza, brind\u00e1ndote recomendaciones claras [&hellip;]<\/p>\n","protected":false},"author":3,"featured_media":0,"parent":0,"menu_order":0,"comment_status":"closed","ping_status":"closed","template":"","meta":{"_et_pb_use_builder":"on","_et_pb_old_content":"","_et_gb_content_width":"","_joinchat":[],"footnotes":""},"class_list":["post-390","page","type-page","status-publish","hentry"],"_links":{"self":[{"href":"https:\/\/www.aluarte.com.mx\/home\/wp-json\/wp\/v2\/pages\/390","targetHints":{"allow":["GET"]}}],"collection":[{"href":"https:\/\/www.aluarte.com.mx\/home\/wp-json\/wp\/v2\/pages"}],"about":[{"href":"https:\/\/www.aluarte.com.mx\/home\/wp-json\/wp\/v2\/types\/page"}],"author":[{"embeddable":true,"href":"https:\/\/www.aluarte.com.mx\/home\/wp-json\/wp\/v2\/users\/3"}],"replies":[{"embeddable":true,"href":"https:\/\/www.aluarte.com.mx\/home\/wp-json\/wp\/v2\/comments?post=390"}],"version-history":[{"count":10,"href":"https:\/\/www.aluarte.com.mx\/home\/wp-json\/wp\/v2\/pages\/390\/revisions"}],"predecessor-version":[{"id":1030,"href":"https:\/\/www.aluarte.com.mx\/home\/wp-json\/wp\/v2\/pages\/390\/revisions\/1030"}],"wp:attachment":[{"href":"https:\/\/www.aluarte.com.mx\/home\/wp-json\/wp\/v2\/media?parent=390"}],"curies":[{"name":"wp","href":"https:\/\/api.w.org\/{rel}","templated":true}]}}